{"id":13,"date":"2016-02-22T16:15:51","date_gmt":"2016-02-22T16:15:51","guid":{"rendered":"http:\/\/naecke.de\/?page_id=13"},"modified":"2025-01-02T14:46:03","modified_gmt":"2025-01-02T14:46:03","slug":"vortraege","status":"publish","type":"page","link":"https:\/\/naecke.de\/?page_id=13","title":{"rendered":"Vortr\u00e4ge"},"content":{"rendered":"<p><strong>Vortr\u00e4ge im Rahmen von Berufungsverfahren<\/strong><\/p>\n<p>2017<\/p>\n<p>Allolio-N\u00e4cke, Lars (2017). Zu- und Abwanderung in Deutschland: Arbeitsfelder der\u00a0Bundesagentur f\u00fcr Arbeit und Interkulturelle Kompetenzanforderungen im Wandel.\u00a0Probevorlesung im Rahmen des Berufungsverfahrens f\u00fcr die Professur Interkulturelle\u00a0Kompetenzen und Migration am 18. Oktober 2017 an der Hochschule der Bundesagentur f\u00fcr\u00a0Arbeit in Mannheim.<\/p>\n<p>2016<\/p>\n<p>Allolio-N\u00e4cke, Lars (2016).\u00a0<em>Doing psychology of religion as cultural psychologist.\u00a0<\/em>Probevorlesung im Rahmen des Berufungsverfahrens f\u00fcr eine Professur f\u00fcr Cross-Cultural Psychology of Religion an der Universit\u00e4t Groningen am 11. April 2016 in Groningen.<\/p>\n<p>2015<\/p>\n<p>Allolio-N\u00e4cke, Lars (2015).\u00a0<em>Religionskritik bei Freud?<\/em>\u00a0Probevorlesung im Rahmen des Berufungsverfahrens f\u00fcr die\u00a0Adolf Holl-Stiftungsprofessur Religionswissenschaft und Religionskritik an der Internationalen Psychoanalytischen Universit\u00e4t am 13. Oktober 2015 in Berlin.<\/p>\n<p>2009<\/p>\n<p>Allolio-N\u00e4cke, Lars (2009). <em>Body matters: Zur psychologischen Leerstelle zwischen Wissen und Handeln<\/em>. Vortrag im Rahmen des Auswahlsymposiums zur Mercator Forschergruppe \u00bbR\u00e4ume anthropologischen Wissens: Produktion und Transfer\u00ab vom 05.-07. November 2009 an der Ruhr-Universit\u00e4t Bochum.<\/p>\n<p>2007<\/p>\n<p>Allolio-N\u00e4cke, Lars (2007). <em>Probleme interkultureller Forschungsans\u00e4tze und ihre Auswir\u00adkungen auf Trainings.<\/em> Probevorlesung im Rahmen des Berufungsverfahrens f\u00fcr die Juniorpro\u00adfessur \u00bbInterkulturelles Training\u00ab an der Technischen Universit\u00e4t Chemnitz am 04. Juni 2007.<\/p>\n<p>&nbsp;<\/p>\n<p><strong>Vortr\u00e4ge \u2013 internationale Konferenzen<\/strong><\/p>\n<p style=\"font-weight: 400;\">2023<\/p>\n<p style=\"font-weight: 400;\">Allolio-N\u00e4cke, Lars (2023). <em>Deliver us from eval. The Qanon Movement, Donald Trump, and the Republicans.<\/em> Vortrag im Rahmen der Internationalen Konferenz \u00bbTruth and Lies in Politics\u00ab an der Sigmund-Freud-PrivatUniversit\u00e4t Wien, 29.-31. M\u00e4rz 2023<\/p>\n<p>2019<\/p>\n<p>Allolio-N\u00e4cke, Lars (2019). <em>Religious Development \u2013 A cultural psychological standpoint.<\/em> Vortrag im Rahmen der Internationalen Konferenz \u00bbReligiosity in East &amp; West &#8211; Conceptual and Methodological Challenges\u00ab an der Universit\u00e4t M\u00fcnster, 25-27th June 2019.<\/p>\n<p>2018<\/p>\n<p>Allolio-N\u00e4cke, Lars (2018).\u00a0<em>The aspective from a psychological perspective.\u00a0<\/em>Vortrag im Rahmen der Internationalen Tagung \u00bbArcheology of Mind. Interdisciplinary Explorations in the Field of Old Testament Thinking\u00ab. \u00a0Concressi Stefano Franscini \/ ETH Z\u00fcrich, Monte Verit\u00e0, Ancona (Switzerland). Sunday 6th &#8211; Friday 1th of Mai, 2018.<\/p>\n<p>2017<\/p>\n<p>Allolio-N\u00e4cke, Lars (2017).\u00a0<em>Monotheism, Violence and Public Sphere &#8211; a German perspective.\u00a0<\/em>Vortrag im Rahmen des DAAD-East-West-Dialogs: University dialogue with the countries of the Western Balkan, Wednesday 2nd &#8211; Saturday 5th of November, 2017.<\/p>\n<p>Allolio-N\u00e4cke, Lars (2017). <em>Religious Development \u2013 A cultural psychological standpoint.<\/em> Vortrag im Rahmen der Zero Conference \u00bbEx Nihilo\u00ab der European Academy of Religion at\u00a0Bologna, Sunday 18th &#8211; Thursday 22nd of June, 2017.<\/p>\n<p>2016<\/p>\n<p>Allolio-N\u00e4cke, Lars (2016).\u00a0<em>Wilhelm Wundt &#8211; Zwischen Philosophie und Psychologie.\u00a0<\/em>Vortrag im Rahmen der Arbeitstagung \u00bbTraditionelle Psychologie in Europa, Indien und China\u00ab vom 28.-30. September 2016 an der Sigmund Freud Privatuniversit\u00e4t Wien.<\/p>\n<p>Allolio-N\u00e4cke, Lars (2016). <em>Individualit\u00e4t, Subjektivit\u00e4t und Identit\u00e4t in sozialwissenschaftlicher Perspektive<\/em>. Vortrag im Rahmen der 3. Internationalen Konferenz der\u00a0der Projektgruppe \u00bbAnthropologie(n) des Alten Testaments\u00ab\u00a0zum Thema\u00a0<span class=\"\" lang=\"EN-US\">\u00bbIndividualit\u00e4t und Selbstreflexion\u00a0<\/span><span class=\"\" lang=\"EN-US\">in den Literaturen des Alten Testaments II\u00ab vom 02.-04. Juni 2016 an der Leucorea in Wittenberg.\u00a0<\/span><\/p>\n<p>2015<\/p>\n<p>Allolio-N\u00e4cke, Lars (2015). <em>Warum man Wundts V\u00f6lkerpsychologie nicht als Vorg\u00e4nger einer (modernen) Kultur. und Religionspsychologie ansehen kann und soll. <\/em>Vortrag anl\u00e4sslich der gemeinsamen Tagung der Gesellschaft f\u00fcr Kulturpsychologie und der Fachgruppe Geschichte der Psychologie der Deutschen Gesellschaft f\u00fcr Psychologie an der Paris Lodron Universit\u00e4t Salzburg vom 10.-12. September 2015.<\/p>\n<p>2011<\/p>\n<p>Allolio-N\u00e4cke, Lars (2011). <em>Kulturpsychologie der religi\u00f6sen Entwicklung<\/em>. Vortrag im Rahmen der 1. Internationale Tagung des Zentralinstituts \u00bbAnthropologie der Religion(en)\u00ab &amp; 10. Tagung der Gesellschaft f\u00fcr Kulturpsychologie vom 11. bis 14. September 2011 an der Friedrich-Alexander-Universit\u00e4t Erlangen-N\u00fcrnberg.<\/p>\n<p>Allolio-N\u00e4cke, Lars (2011). <em>Is cultural psychology a once and future discipline?<\/em> Paper presented at the 30<sup>t<\/sup><sup>h<\/sup> Annual Conference of the \u00bbEuropean Society for the History of the human sciences\u00ab (ESHHS) at the Belgrade University, Belgrade, Serbia, July 5<sup>th<\/sup>-8<sup>th<\/sup> 2011.<\/p>\n<p>2009<\/p>\n<p>Allolio-N\u00e4cke, Lars (2009). <em>Religion revisited \u2013 anthropological and developmental psycho\u00adlogical standpoints.<\/em> Paper presented at the 13<sup>th<\/sup> Biennial Conference of the \u00bbInternational Society for Theoretical Psychology\u00ab (ISTP) at the Nanjing Normal University, Nanjing, Chi\u00adna, Mai 15<sup>th<\/sup>-19<sup>th<\/sup> 2009.<\/p>\n<p>2008<\/p>\n<p>Allolio-N\u00e4cke, Lars (2008). <em>How to deal with the polyvalence of action? <\/em>Paper presented at the XXIX International Congress of Psychology in Berlin, July 20<sup>th<\/sup>-25<sup>th<\/sup> 2008.<\/p>\n<p>2005<\/p>\n<p>Allolio-N\u00e4cke, Lars (2005). <em>The Foundation Myth of Cultural Psychology. <\/em>Paper presented at the 11<sup>th<\/sup> Biennial Conference of the \u00bbInternational Society for Theoretical Psychology\u00ab (ISTP) at the Graduate School of Business, Breakwater Lodge, University of Cape Town Waterfront Campus, Cape Town, South Africa, June 20<sup>th<\/sup>-24<sup>th<\/sup> 2005.<\/p>\n<p>2002<\/p>\n<p>Allolio-N\u00e4cke, Lars &amp; Kalscheuer, Britta (2002). <em>How Does an Emancipated Concept of Culture Deny Acceptance to Cultural Groups? About the ambivalence of a \u203ascientifically cleared up\u2039 concept of culture and the war of recognition.<\/em> Paper presented at the TASA 2002 Conference \u00bbSociology in the Antipodes: Gateways, Frontiers and Trajectories\u00ab at the Queensland University of Technology in Brisbane, Australia, July 5<sup>th<\/sup>-6<sup>th<\/sup> 2002.<\/p>\n<p>Allolio-N\u00e4cke, Lars &amp; Kalscheuer, Britta (2002). <em>Is Cultural Comparison \u203aInnocent\u2039? \u2013 Cul\u00adtural hermeneutics in a World of Difference and Transdifference. <\/em>Paper presented at the XV. World Congress of Sociology \u00bbThe Social World in the 21<sup>st<\/sup> Century: Ambivalent Legacies and Rising Challenges\u00ab at the Queensland University of Technology in Brisbane, Austra\u00adlia, July 7<sup>th<\/sup>-13<sup>th <\/sup>2002.<\/p>\n<p>Allolio-N\u00e4cke, Lars (2002). <em>Identit\u00e4t im Zwischenraum \u2013 eine ostdeutsche Subjektivit\u00e4ts\u00adstudie. <\/em>Vortrag im Rahmen dem 6. internationalen Kongress der Neuen Gesellschaft f\u00fcr Psy\u00adchologie (NGfP) \u00bbPsychologische Konstruktionen \u2013 Politiken der Erkenntnis\u00ab an der Freien Universit\u00e4t Berlin in Berlin, 19.-22. Februar 2002.<\/p>\n<p>Allolio-N\u00e4cke, Lars (2002). <em>\u00bb\u00dcber die De- und Rematerialisierung der innerdeutschen Gren\u00adze.\u00ab<\/em> Vortrag im Rahmen 5. interdisziplin\u00e4ren, internationalen Erlanger Graduierten- und Post\u00adgraduiertenkonferenz \u00bbPostmoderne De\/Konstruktionen\u00ab an der Friedrich-Alexander-Uni\u00adver\u00adsit\u00e4t Erlangen-N\u00fcrnberg in Erlangen, 22.-24. November 2002.<\/p>\n<p>Allolio-N\u00e4cke, Lars &amp; Kalscheuer, Britta (2002). <em>Transcultured Self \u2013 Myth or Reality? A Critical Note in Intercultural Concepts of Understanding.<\/em> Paper presented at the Third An\u00adnual Conference \u00bbThe Transcultured Self: Experiencing Languages and Intercultural Com\u00admu\u00adnication\u00ab of the International Association for Languages and Intercultural Communication (IALIC) at the Johannes Kepler University Linz, Austria, December 6<sup>th<\/sup>-8<sup>th<\/sup> 2002.<\/p>\n<p>Kalscheuer, Britta &amp; Allolio-N\u00e4cke, Lars (2002). <em>Why does the Debate on Interculturality prevent the Development of Intercultural Competencies? <\/em><em>A Critical Note on the Intercultu\u00adrality Discourse. <\/em>Paper presented at the SIETAR Congress 2002 \u00bbIntercultural Competences in a Globalised World\u00ab at the Vienna University of Economics and Business Administration, Austria, April 10<sup>th<\/sup>-13<sup>th<\/sup> 2002.<\/p>\n<p>Kalscheuer, Britta &amp; Allolio-N\u00e4cke, Lars (2002). <em>Intercultural Research: Plurality in the Shadow of Normativity. <\/em>Paper presented at the TASA 2002 Conference \u00bbSociology in the Antipodes: Gateways, Frontiers and Trajectories\u00ab at the Queensland University of Tech\u00adnology in Brisbane, Australia, July 5<sup>th<\/sup>-6<sup>th<\/sup> 2002.<\/p>\n<p>Kalscheuer, Britta &amp; Allolio-N\u00e4cke, Lars (2002). <em>Intercultural Research: A New Colonial Strategy?<\/em> Paper presented at the XV. World Congress of Sociology \u00bbThe Social World in the 21<sup>st<\/sup> Century: Ambivalent Legacies and Rising Challenges\u00ab at the Queensland University of Technology in Brisbane, Australia, July 7<sup>th<\/sup>-13<sup>th<\/sup> 2002.<\/p>\n<p>Kalscheuer, Britta &amp; Allolio-N\u00e4cke, Lars (2002). <em>Zwei Jahre Transdifferenz \u2013 Eine Zwischen\u00adbilanz.<\/em> Vortrag im Rahmen der internationalen Tagung \u00bbDie Gleichzeitigkeit des Ungleich\u00adzeitigen\u00ab des Instituts zur Erforschung und F\u00f6rderung \u00f6sterreichischer und internationaler Literaturprozesse am Austria Center in Wien, \u00d6sterreich, 06.-08. Dezember 2002.<\/p>\n<p>2001<\/p>\n<p>Allolio-N\u00e4cke, Lars &amp; Kalscheuer, Britta (2001). <em>Transdifference: Ein \u203aconcept in progress\u2039.<\/em> Vortrag im Rahmen der 4. interdisziplin\u00e4ren, internationalen Graduiertenkonferenz \u00bbPostMo\u00adderne Praktiken: MedienSpuren, DiskursK\u00f6rper, WarenZeichen\u00ab an der Friedrich-Alexander-Universit\u00e4t Erlangen-N\u00fcrnberg in Erlangen, 23.-25. No\u00advember 2001.<\/p>\n<p>1999<\/p>\n<p>N\u00e4cke, Lars &amp; Park, Eri (1999). <em>Subjectivity and Subjectioning \u2013 Between Registration and Self-Government. <\/em>Paper presented at the 8<sup>th<\/sup> Biennial Conference of the \u00bbInternational Society for Theoretical Psychology\u00ab (ISTP) at the Quarantine Station at the North Head of Sydney-Mainly, Australia, April 25<sup>th<\/sup>-29<sup>th<\/sup> 1999.<\/p>\n<p>Orthmann, Claudia &amp; N\u00e4cke, Lars (1999<em>). Forming Cultures Through Virtual Social Commu\u00adnities.<\/em> Paper Presented at the 8<sup>th<\/sup> Biennial Conference of the \u00bbInternational Society for Theo\u00adretical Psychology\u00ab (ISTP) at the Quarantine Station at the North Head of Sydney-Mainly, Australia, April 25<sup>th<\/sup>-29<sup>th<\/sup> 1999.<\/p>\n<p>1998<\/p>\n<p>N\u00e4cke, Lars &amp; Orthmann, Claudia (1998<em>). Kultur in der Psychologie: Theoretische Ann\u00e4he\u00adrungen.<\/em> Vortrag im Rahmen des binationalen Symposiums \u00bbKulturpsychologie\u00ab an der Leo\u00adpold-Franzens-Universit\u00e4t in Innsbruck, \u00d6sterreich, 21.-23. September 1998.<\/p>\n<p>N\u00e4cke, Lars &amp; Park, Eri (1998). <em>Ein fiktives Interview mit Michel Foucault.<\/em> Vortrag im Rah\u00admen des binationalen Symposiums \u00bbKulturpsychologie\u00ab an der Leopold-Franzens-Universit\u00e4t in Innsbruck in Innsbruck, \u00d6sterreich, 21.-23. September 1998.<\/p>\n<p>&nbsp;<\/p>\n<p><strong>Vortr\u00e4ge \u2013 Nationale Tagungen, Symposien, Vorlesungen<\/strong><\/p>\n<p>2024<\/p>\n<p>Allolio-N\u00e4cke, Lars (2023). <em>Diskursanalyse<\/em>. Vortrag anl\u00e4sslich der Tagung der \u00bbArbeitsgemeinschaft Philosophie und Psychologie\u00ab an der Universit\u00e4t K\u00f6ln vom 6.-8. Mai 2024.<\/p>\n<p>2023<\/p>\n<p>Allolio-N\u00e4cke, Lars (2023). Identit\u00e4tsarbeit 4.0. Vortrag anl\u00e4sslich der 5. Konsultation der\u00a0Konsultationsreihe: Menschsein 4.0 \u2013 Zur Verfasstheit des Menschen in sich ver\u00e4ndernden Weltverh\u00e4ltnissen an der FEST Heidelberg vom 3.-4. M\u00e4rz 2023.<\/p>\n<p>2022<\/p>\n<p>Allolio-N\u00e4cke, Lars (2022).\u00a0<em>\u00dcber die Illusion der pers\u00f6nlichen Erfahrung.\u00a0<\/em>Vortrag anl\u00e4sslich der Tagung der \u00bbArbeitsgemeinschaft Philosophie und\u00a0Psychologie\u00ab an der Universit\u00e4t Heidelberg vom \u00a019.-22. September 2022.<\/p>\n<p>2021<\/p>\n<p>Allolio-N\u00e4cke, Lars (2021). <em>Vom Numinosen zum Atmosph\u00e4rischen &#8211; Ein erstaunlicher Vergleich der Konzepte von Rudolf Otto und Ernst E. Boesch.<\/em> Vortrag anl\u00e4sslich der gemeinsamen Tagung der Gesellschaft f\u00fcr Kulturpsychologie und der Fachgruppe Geschichte der Psychologie der Deutschen Gesellschaft f\u00fcr Psychologie am Concressi Stefano Franscini \/ ETH Z\u00fcrich, Monte Verit\u00e0, Ancona (Schweiz) vom 23.-25. November 2021.<\/p>\n<p>2020<\/p>\n<p>Allolio-N\u00e4cke, Lars (2020).\u00a0<em>Perfektionierung aus psychologischer Sicht.\u00a0<\/em>Vortrag im Rahmen der Tagung \u00bbReligion als Perfektion\u00ab. Fragment und Vollendung in den Religionen an der Freien Universit\u00e4t Berlin vom 22.-24. Januar 2020.<\/p>\n<p>2019<\/p>\n<p>Allolio-N\u00e4cke, Lars (2019). <em>Religi\u00f6se Entwicklung aus kulturpsychologischer Sicht.<\/em> Vortrag im Rahmen der XXXIII. Jahrestagung der Deutschen Vereinigung f\u00fcr Religionswissenschaft (DVRW) an der Leibniz-Universit\u00e4t Hannover vom 03.-06. September 2019.<\/p>\n<p>2018<\/p>\n<p>Allolio-N\u00e4cke, Lars (2018). <i>Wundt&#8217;s\u00a0genetische Religionspsychologie als kulturelles Zeitzeugnis.\u00a0<\/i>Vortrag anl\u00e4sslich der gemeinsamen Tagung der Gesellschaft f\u00fcr Kulturpsychologie und der Deutschen Gesellschaft f\u00fcr Ethnologie an der Martin-Luther-Universit\u00e4t Halle-Wittenberg vom 01.-o2. November 2018.<\/p>\n<p>2014<\/p>\n<p>Allolio-N\u00e4cke, Lars (2014). <em>\u00bbWas von \u05e0\u05e4\u05e9, \u03c8\u03c5\u03c7\u03ae und Seele \u00fcbrig bleibt&#8230;\u00ab. Anmerkungen zur j\u00fcdisch- christlichen Tradition aus kulturpsychologischer Perspektive.<\/em> Vortrag im Rahmen des Erlanger Philosophie-Kolloquium Orient und Okzident zum Thema \u00bbSeele\u00ab an der Friedrich-Alexander-Universit\u00e4t Erlangen-N\u00fcrnberg am 22. Mai 2014.<\/p>\n<p>Oorschot, J\u00fcrgen van &amp; Allolio-N\u00e4cke, Lars (2014). <em>Vom Nutzen der historischen Anthropologie f\u00fcr die Ethik<\/em>. Vortrag im Ethikform des M\u00fcnchner Kompetenzzentrums Ethik (MKE) der Ludwig-Maximilians-Universit\u00e4t M\u00fcnchen am 21. Januar 2014.<\/p>\n<p>2013<\/p>\n<p>Allolio-N\u00e4cke, Lars (2013). <em>Kulturpsychologie und Anthropologie der Religi\u00f6sen Entwicklung beim Kinde<\/em>. Vortrag in der Ringvorlesung \u00bbAlltagspraxen: Kinder und Jugendliche. Leben. Kultur\u00ab an der Hochschule Magdeburg-Stendal, 29. Januar 2013.<\/p>\n<p>2011<\/p>\n<p>Allolio-N\u00e4cke, Lars &amp; Oorschot, Birgitt van (2011). <em>Palliativstationen: \u00dcber das Entstehen einer neune ars moriendi<\/em>. Vortrag in der Ringvorlesung \u00bbArenen der \u00e4sthetischen Bildung\u00ab an der Friedrich-Alexander-Universit\u00e4t Erlangen-N\u00fcrnberg, 06. Dezember 2011.<\/p>\n<p>2010<\/p>\n<p>Allolio-N\u00e4cke, Lars (2010). Diskutant zum Thema Bologna anl\u00e4sslich der Fr\u00fchjahrstagung der Neuen Gesellschaft f\u00fcr Psychologie am 29. Mai 2010 an der Freien Universit\u00e4t Berlin.<\/p>\n<p>2007<\/p>\n<p>Allolio-N\u00e4cke, Lars (2007). <em>Zwischen den Disziplinen<\/em>. Beitrag anl\u00e4sslich der Jubil\u00e4umsta\u00adgung zum 30. Jahrgang der Zeitschrift <em>Psychologie &amp; Gesellschaftskritik<\/em> an der Fried\u00adrich-Alexander-Universit\u00e4t Erlangen-N\u00fcrnberg, 05. Mai 2007.<\/p>\n<p>Allolio-N\u00e4cke, Lars (2007). <em>Frauen zur\u00fcck an den Herd. <\/em>Vortrag und Podiumsdiskussion im Rahmen einer Veranstaltungsreihe \u00bbBeginn der Demokratisierung in Deutschland nach dem 2. Weltkrieg\u00ab von Friedensbildungswerk, Melanchthon-Akademie und VHS-K\u00f6ln, 12. Juni 2007.<\/p>\n<p>2004<\/p>\n<p>Allolio-N\u00e4cke, Lars (2004). <em>Wie die innerdeutsche, staatliche Grenze zu einer kulturellen und sozialen wurde. Ausgrenzungen ostdeutscher Frauen nach der Vereinigung.<\/em> Vortrag im Rah\u00admen des 29. Deutschen Orientalistentages \u00bbBarrieren \u2013 Passagen\u00ab an der Matin-Luther-Uni\u00adversit\u00e4t Halle-Wittenberg in Halle, 20.-24. September 2004.<\/p>\n<p>Allolio-N\u00e4cke, Lars &amp; Kalscheuer, Britta (2004). <em>Transdifferenz<\/em>. Vorlesung im Curriculum des Graduiertenkollegs \u00bbKulturhermeneutik im Zeichen von Differenz und Transdifferenz\u00ab an der Friedrich-Alexander-Universit\u00e4t Erlangen-N\u00fcrnberg in Erlangen, 22. Juni 2004.<\/p>\n<p>Allolio-N\u00e4cke, Lars (2004). <em>Do we need the concept of intercultural competence?<\/em> Contribu\u00adtion to the Expert-Colloquium \u00bbPerspektiven der Diagnose kultureller Orientierungen und (inter-)kultureller Kompetenz(en)\u00ab at the Humboldt-University in Berlin, March 30<sup>th<\/sup> 2004.<\/p>\n<p>2003<\/p>\n<p>Allolio-N\u00e4cke, Lars &amp; Kalscheuer, Britta (2003). <em>Doing Identity \u2013 Oszillieren im Grenz\u00adbereich von Identit\u00e4t und Differenz. Von Transdifferenz und dem allt\u00e4glichen Skeptizismus. <\/em>Vortrag im Rahmen der 6. Tagung der Gesellschaft f\u00fcr Kulturpsychologie \u00bbAlltag im Aufbruch. Ein psychologisches Profil der Gegenwartskultur\u00ab am Psychologischen Institut der Univer\u00adsit\u00e4t zu K\u00f6ln, 28.-30. Mai 2003.<\/p>\n<p>2002<\/p>\n<p>Allolio-N\u00e4cke, Lars (2002). <em>Zum Kulturbegriff und -konzept in der Ethnologie, Soziologie und Philosophie. <\/em>Vortrag im Rahmen des gemeinsamen Workshops der Erlanger Graduierten\u00adkollegs \u00bbKulturhermeneutik im Zeichen von Differenz und Transdifferenz\u00ab und \u00bbKulturtrans\u00adfer im europ\u00e4ischen Mittelalter\u00ab an der Friedrich-Alexander-Universit\u00e4t Erlangen-N\u00fcrnberg in Erlangen, 10. Dezember 2002.<\/p>\n<p>2001<\/p>\n<p>N\u00e4cke, Lars, Lohmann, Julia &amp; Radzei, Nicole (2001). <em>Marguerite Duras \u2013 Der Liebhaber. Freie Differenz und erz\u00e4hlte Zeit. Eine Performance. <\/em>Performance im Rahmen des Collo\u00adquiums \u00bbPSYCHOLOGIE UND POSTMODERNE\u00ab an der Freien Universit\u00e4t Berlin, 25. Mai 2000.<\/p>\n<p>1999<\/p>\n<p>Orthmann, Claudia &amp; N\u00e4cke, Lars (1999). <em>Die Chancen virtueller sozialer Gemeinschaften im Internet f\u00fcr einen interkulturellen Wissenschaftsdiskurs.<\/em> Vortrag im Rahmen der 6. Tagung der Deutschen Sektion der Internationale Gesellschaft f\u00fcr Wissensorganisation (ISKO) im Congess Centrum Hamburg, 23.-25. September 1999.<\/p>\n","protected":false},"excerpt":{"rendered":"<p>Vortr\u00e4ge im Rahmen von Berufungsverfahren 2017 Allolio-N\u00e4cke, Lars (2017). Zu- und Abwanderung in Deutschland: Arbeitsfelder der\u00a0Bundesagentur f\u00fcr Arbeit und Interkulturelle Kompetenzanforderungen im Wandel.\u00a0Probevorlesung im Rahmen des Berufungsverfahrens f\u00fcr die Professur Interkulturelle\u00a0Kompetenzen und Migration am 18. Oktober 2017 an der Hochschule der Bundesagentur f\u00fcr\u00a0Arbeit in Mannheim. 2016 Allolio-N\u00e4cke, Lars (2016).\u00a0Doing psychology of religion as cultural psychologist.\u00a0Probevorlesung &hellip; <a href=\"https:\/\/naecke.de\/?page_id=13\" class=\"more-link\"><span class=\"screen-reader-text\">\u201eVortr\u00e4ge\u201c <\/span>weiterlesen<\/a><\/p>\n","protected":false},"author":1,"featured_media":0,"parent":2,"menu_order":0,"comment_status":"closed","ping_status":"closed","template":"","meta":{"footnotes":""},"class_list":["post-13","page","type-page","status-publish","hentry"],"_links":{"self":[{"href":"https:\/\/naecke.de\/index.php?rest_route=\/wp\/v2\/pages\/13","targetHints":{"allow":["GET"]}}],"collection":[{"href":"https:\/\/naecke.de\/index.php?rest_route=\/wp\/v2\/pages"}],"about":[{"href":"https:\/\/naecke.de\/index.php?rest_route=\/wp\/v2\/types\/page"}],"author":[{"embeddable":true,"href":"https:\/\/naecke.de\/index.php?rest_route=\/wp\/v2\/users\/1"}],"replies":[{"embeddable":true,"href":"https:\/\/naecke.de\/index.php?rest_route=%2Fwp%2Fv2%2Fcomments&post=13"}],"version-history":[{"count":21,"href":"https:\/\/naecke.de\/index.php?rest_route=\/wp\/v2\/pages\/13\/revisions"}],"predecessor-version":[{"id":218,"href":"https:\/\/naecke.de\/index.php?rest_route=\/wp\/v2\/pages\/13\/revisions\/218"}],"up":[{"embeddable":true,"href":"https:\/\/naecke.de\/index.php?rest_route=\/wp\/v2\/pages\/2"}],"wp:attachment":[{"href":"https:\/\/naecke.de\/index.php?rest_route=%2Fwp%2Fv2%2Fmedia&parent=13"}],"curies":[{"name":"wp","href":"https:\/\/api.w.org\/{rel}","templated":true}]}}